{"id":6,"date":"2018-09-19T16:05:13","date_gmt":"2018-09-19T14:05:13","guid":{"rendered":"http:\/\/www.alimavet54.fr\/?page_id=6"},"modified":"2018-09-28T12:24:07","modified_gmt":"2018-09-28T10:24:07","slug":"sitemap","status":"publish","type":"page","link":"https:\/\/soins2.cloud0.sbg.meosis.fr\/alimavet54\/sitemap.html","title":{"rendered":"Plan du site"},"content":{"rendered":"<div class=\"wsp-container\"><h2 class=\"wsp-pages-title\">Pages<\/h2>\n<ul class=\"wsp-pages-list\">\n<li class=\"page_item page-item-2\"><a href=\"https:\/\/soins2.cloud0.sbg.meosis.fr\/alimavet54\/\">\u00c0 propos de notre clinique v\u00e9t\u00e9rinaire<\/a><\/li>\n<li class=\"page_item page-item-8\"><a href=\"https:\/\/soins2.cloud0.sbg.meosis.fr\/alimavet54\/contact.html\">Contact<\/a><\/li>\n<li class=\"page_item page-item-15\"><a href=\"https:\/\/soins2.cloud0.sbg.meosis.fr\/alimavet54\/la-clinique.html\">La Clinique<\/a><\/li>\n<li class=\"page_item page-item-17\"><a href=\"https:\/\/soins2.cloud0.sbg.meosis.fr\/alimavet54\/prestations.html\">Les prestations que nous proposons<\/a><\/li>\n<li class=\"page_item page-item-66\"><a href=\"https:\/\/soins2.cloud0.sbg.meosis.fr\/alimavet54\/livre-dor.html\">Livre d&rsquo;or<\/a><\/li>\n<li class=\"page_item page-item-25\"><a href=\"https:\/\/soins2.cloud0.sbg.meosis.fr\/alimavet54\/preparation-dune-commande.html\">Pr\u00e9paration d&rsquo;une commande<\/a><\/li>\n<li class=\"page_item page-item-23\"><a href=\"https:\/\/soins2.cloud0.sbg.meosis.fr\/alimavet54\/urgences.html\">Urgences<\/a><\/li>\n<\/ul>\n<h2 class=\"wsp-posts-title\">Articles par cat\u00e9gorie<\/h2>\n<ul class=\"wsp-posts-list\">\n\t<li><strong class=\"wsp-category-title\">Category: <a href=\"https:\/\/soins2.cloud0.sbg.meosis.fr\/alimavet54\/category\/conseils\">Conseils<\/a><\/strong>\n<ul class=\"wsp-posts-list\">\t\t<li class=\"wsp-post\"><a href=\"https:\/\/soins2.cloud0.sbg.meosis.fr\/alimavet54\/nouveau-laser-therapeutique-clinique-veterinaire-alimavet-117.html\">NOUVEAU **** LASER THERAPEUTIQUE **** dans votre clinique v\u00e9t\u00e9rinaire ALIMAVET<\/a><\/li>\n\t\t<li class=\"wsp-post\"><a href=\"https:\/\/soins2.cloud0.sbg.meosis.fr\/alimavet54\/comportement-indesirable-chien-fugues-100.html\">Comportement ind\u00e9sirable du chien Fugues<\/a><\/li>\n\t\t<li class=\"wsp-post\"><a href=\"https:\/\/soins2.cloud0.sbg.meosis.fr\/alimavet54\/comportements-indesirables-chien-96.html\">Comportements ind\u00e9sirables du chien<\/a><\/li>\n\t\t<li class=\"wsp-post\"><a href=\"https:\/\/soins2.cloud0.sbg.meosis.fr\/alimavet54\/conseils-vos-nac-1.html\">D\u00e9couvrez prochainement nos diff\u00e9rents conseils !<\/a><\/li>\n<\/ul><\/li>\n<\/ul>\n<h2 class=\"wsp-meosiss-title\">Articles connexes<\/h2>\n<ul class=\"wsp-meosiss-list\">\n<li><a href=\"https:\/\/soins2.cloud0.sbg.meosis.fr\/alimavet54\/articles\/decouvrez-les-services-de-votre-veterinaire\">D\u00e9couvrez les services de votre v\u00e9t\u00e9rinaire<\/a><\/li>\n<li><a href=\"https:\/\/soins2.cloud0.sbg.meosis.fr\/alimavet54\/articles\/comment-bien-nourrir-son-chat\">Comment bien nourrir son chat\u00a0?<\/a><\/li>\n<\/ul>\n<h2 class=\"wsp-meo_diaporamas-title\">Diaporama Jerico<\/h2>\n<ul class=\"wsp-meo_diaporamas-list\">\n<li><a href=\"https:\/\/soins2.cloud0.sbg.meosis.fr\/alimavet54\/meo_diaporama\/accueil\">Accueil<\/a><\/li>\n<\/ul>\n<\/div>\n","protected":false},"excerpt":{"rendered":"","protected":false},"author":1,"featured_media":0,"parent":0,"menu_order":0,"comment_status":"closed","ping_status":"closed","template":"","meta":[],"yoast_head":"<!-- This site is optimized with the Yoast SEO plugin v19.0 - https:\/\/yoast.com\/wordpress\/plugins\/seo\/ -->\n<title>Plan du site \u203a Alimavet<\/title>\n<meta name=\"robots\" content=\"index, follow, max-snippet:-1, max-image-preview:large, max-video-preview:-1\" \/>\n<link rel=\"canonical\" href=\"https:\/\/soins2.cloud0.sbg.meosis.fr\/alimavet54\/sitemap.html\" \/>\n<meta property=\"og:locale\" content=\"fr_FR\" \/>\n<meta property=\"og:type\" content=\"article\" \/>\n<meta property=\"og:title\" content=\"Plan du site \u203a Alimavet\" \/>\n<meta property=\"og:url\" content=\"https:\/\/soins2.cloud0.sbg.meosis.fr\/alimavet54\/sitemap.html\" \/>\n<meta property=\"og:site_name\" content=\"alimavet54\" \/>\n<meta property=\"article:modified_time\" content=\"2018-09-28T10:24:07+00:00\" \/>\n<meta name=\"twitter:card\" content=\"summary\" \/>\n<script type=\"application\/ld+json\" class=\"yoast-schema-graph\">{\"@context\":\"https:\/\/schema.org\",\"@graph\":[{\"@type\":\"WebSite\",\"@id\":\"https:\/\/soins2.cloud0.sbg.meosis.fr\/alimavet54\/#website\",\"url\":\"https:\/\/soins2.cloud0.sbg.meosis.fr\/alimavet54\/\",\"name\":\"alimavet54\",\"description\":\"Votre clinique v\u00e9t\u00e9rinaire \u00e0 Lun\u00e9ville\",\"potentialAction\":[{\"@type\":\"SearchAction\",\"target\":{\"@type\":\"EntryPoint\",\"urlTemplate\":\"https:\/\/soins2.cloud0.sbg.meosis.fr\/alimavet54\/?s={search_term_string}\"},\"query-input\":\"required name=search_term_string\"}],\"inLanguage\":\"fr-FR\"},{\"@type\":\"WebPage\",\"@id\":\"https:\/\/soins2.cloud0.sbg.meosis.fr\/alimavet54\/sitemap.html#webpage\",\"url\":\"https:\/\/soins2.cloud0.sbg.meosis.fr\/alimavet54\/sitemap.html\",\"name\":\"Plan du site \u203a Alimavet\",\"isPartOf\":{\"@id\":\"https:\/\/soins2.cloud0.sbg.meosis.fr\/alimavet54\/#website\"},\"datePublished\":\"2018-09-19T14:05:13+00:00\",\"dateModified\":\"2018-09-28T10:24:07+00:00\",\"breadcrumb\":{\"@id\":\"https:\/\/soins2.cloud0.sbg.meosis.fr\/alimavet54\/sitemap.html#breadcrumb\"},\"inLanguage\":\"fr-FR\",\"potentialAction\":[{\"@type\":\"ReadAction\",\"target\":[\"https:\/\/soins2.cloud0.sbg.meosis.fr\/alimavet54\/sitemap.html\"]}]},{\"@type\":\"BreadcrumbList\",\"@id\":\"https:\/\/soins2.cloud0.sbg.meosis.fr\/alimavet54\/sitemap.html#breadcrumb\",\"itemListElement\":[{\"@type\":\"ListItem\",\"position\":1,\"name\":\"Accueil\",\"item\":\"https:\/\/soins2.cloud0.sbg.meosis.fr\/alimavet54\/\"},{\"@type\":\"ListItem\",\"position\":2,\"name\":\"Plan du site\"}]}]}<\/script>\n<!-- \/ Yoast SEO plugin. -->","yoast_head_json":{"title":"Plan du site \u203a Alimavet","robots":{"index":"index","follow":"follow","max-snippet":"max-snippet:-1","max-image-preview":"max-image-preview:large","max-video-preview":"max-video-preview:-1"},"canonical":"https:\/\/soins2.cloud0.sbg.meosis.fr\/alimavet54\/sitemap.html","og_locale":"fr_FR","og_type":"article","og_title":"Plan du site \u203a Alimavet","og_url":"https:\/\/soins2.cloud0.sbg.meosis.fr\/alimavet54\/sitemap.html","og_site_name":"alimavet54","article_modified_time":"2018-09-28T10:24:07+00:00","twitter_card":"summary","schema":{"@context":"https:\/\/schema.org","@graph":[{"@type":"WebSite","@id":"https:\/\/soins2.cloud0.sbg.meosis.fr\/alimavet54\/#website","url":"https:\/\/soins2.cloud0.sbg.meosis.fr\/alimavet54\/","name":"alimavet54","description":"Votre clinique v\u00e9t\u00e9rinaire \u00e0 Lun\u00e9ville","potentialAction":[{"@type":"SearchAction","target":{"@type":"EntryPoint","urlTemplate":"https:\/\/soins2.cloud0.sbg.meosis.fr\/alimavet54\/?s={search_term_string}"},"query-input":"required name=search_term_string"}],"inLanguage":"fr-FR"},{"@type":"WebPage","@id":"https:\/\/soins2.cloud0.sbg.meosis.fr\/alimavet54\/sitemap.html#webpage","url":"https:\/\/soins2.cloud0.sbg.meosis.fr\/alimavet54\/sitemap.html","name":"Plan du site \u203a Alimavet","isPartOf":{"@id":"https:\/\/soins2.cloud0.sbg.meosis.fr\/alimavet54\/#website"},"datePublished":"2018-09-19T14:05:13+00:00","dateModified":"2018-09-28T10:24:07+00:00","breadcrumb":{"@id":"https:\/\/soins2.cloud0.sbg.meosis.fr\/alimavet54\/sitemap.html#breadcrumb"},"inLanguage":"fr-FR","potentialAction":[{"@type":"ReadAction","target":["https:\/\/soins2.cloud0.sbg.meosis.fr\/alimavet54\/sitemap.html"]}]},{"@type":"BreadcrumbList","@id":"https:\/\/soins2.cloud0.sbg.meosis.fr\/alimavet54\/sitemap.html#breadcrumb","itemListElement":[{"@type":"ListItem","position":1,"name":"Accueil","item":"https:\/\/soins2.cloud0.sbg.meosis.fr\/alimavet54\/"},{"@type":"ListItem","position":2,"name":"Plan du site"}]}]}},"_links":{"self":[{"href":"https:\/\/soins2.cloud0.sbg.meosis.fr\/alimavet54\/wp-json\/wp\/v2\/pages\/6"}],"collection":[{"href":"https:\/\/soins2.cloud0.sbg.meosis.fr\/alimavet54\/wp-json\/wp\/v2\/pages"}],"about":[{"href":"https:\/\/soins2.cloud0.sbg.meosis.fr\/alimavet54\/wp-json\/wp\/v2\/types\/page"}],"author":[{"embeddable":true,"href":"https:\/\/soins2.cloud0.sbg.meosis.fr\/alimavet54\/wp-json\/wp\/v2\/users\/1"}],"replies":[{"embeddable":true,"href":"https:\/\/soins2.cloud0.sbg.meosis.fr\/alimavet54\/wp-json\/wp\/v2\/comments?post=6"}],"version-history":[{"count":0,"href":"https:\/\/soins2.cloud0.sbg.meosis.fr\/alimavet54\/wp-json\/wp\/v2\/pages\/6\/revisions"}],"wp:attachment":[{"href":"https:\/\/soins2.cloud0.sbg.meosis.fr\/alimavet54\/wp-json\/wp\/v2\/media?parent=6"}],"curies":[{"name":"wp","href":"https:\/\/api.w.org\/{rel}","templated":true}]}}